{"id":3226,"date":"2023-10-31T13:53:52","date_gmt":"2023-10-31T12:53:52","guid":{"rendered":"https:\/\/www.epicweddingsandevents.de\/impressum\/"},"modified":"2024-08-21T13:33:57","modified_gmt":"2024-08-21T11:33:57","slug":"impressum","status":"publish","type":"page","link":"https:\/\/www.epicweddingsandevents.de\/en\/impressum\/","title":{"rendered":"Impressum"},"content":{"rendered":"\t\t<div data-elementor-type=\"wp-page\" data-elementor-id=\"3226\" class=\"elementor elementor-3226 elementor-228\" data-elementor-post-type=\"page\">\n\t\t\t\t<div class=\"elementor-element elementor-element-410706b e-flex e-con-boxed e-con e-parent\" data-id=\"410706b\" data-element_type=\"container\">\n\t\t\t\t\t<div class=\"e-con-inner\">\n\t\t\t\t<div class=\"elementor-element elementor-element-e7c56e6 elementor-widget elementor-widget-spacer\" data-id=\"e7c56e6\" data-element_type=\"widget\" data-widget_type=\"spacer.default\">\n\t\t\t\t<div class=\"elementor-widget-container\">\n\t\t\t\t\t\t\t<div class=\"elementor-spacer\">\n\t\t\t<div class=\"elementor-spacer-inner\"><\/div>\n\t\t<\/div>\n\t\t\t\t\t\t<\/div>\n\t\t\t\t<\/div>\n\t\t\t\t\t<\/div>\n\t\t\t\t<\/div>\n\t\t<div class=\"elementor-element elementor-element-1d789c4 e-flex e-con-boxed e-con e-parent\" data-id=\"1d789c4\" data-element_type=\"container\">\n\t\t\t\t\t<div class=\"e-con-inner\">\n\t\t\t\t<div class=\"elementor-element elementor-element-a86c87f elementor-widget elementor-widget-text-editor\" data-id=\"a86c87f\" data-element_type=\"widget\" data-widget_type=\"text-editor.default\">\n\t\t\t\t<div class=\"elementor-widget-container\">\n\t\t\t\t\t\t\t\t\t<h2>Impressum<\/h2>\n<h4>Angaben gem\u00e4\u00df \u00a7 5 TMG<\/h4>\n<p>Svenja Schampera<br \/>EPIC Weddings &amp; Events <br \/>Eventplanung mit Schwerpunkt Hochzeiten<br \/>Buchenstra\u00dfe 3<br \/>74211 Leingarten<\/p>\n<h4>Kontakt<\/h4>\n<p>Telefon: +49(0)1525 38 42 611<br \/>E-Mail: info@epic-we.de<\/p>\n<h4>Umsatzsteuer-ID<\/h4>\n<p>Umsatzsteuer-Identifikationsnummer gem\u00e4\u00df \u00a7 27 a Umsatzsteuergesetz:<br \/>DE285111452<\/p>\n<h4>Berufsbezeichnung und berufsrechtliche Regelungen<\/h4>\n<p>Berufsbezeichnung:<br \/>Eventplaner<\/p>\n<p>Zust\u00e4ndige Kammer:<br \/>Industrie- und Handelskammer Heilbronn-Franken<br \/>Ferdinand-Braun-Stra\u00dfe 20<br \/>74074 Heilbronn<\/p>\n<p>Verliehen in:<br \/>Deutschland<\/p>\n<h4>Redaktionell verantwortlich<\/h4>\n<p>Svenja Schampera<\/p>\n<h4>EU-Streitschlichtung<\/h4>\n<p>Die Europ\u00e4ische Kommission stellt eine Plattform zur Online-Streitbeilegung (OS) bereit: <a href=\"https:\/\/ec.europa.eu\/consumers\/odr\/\" target=\"_blank\" rel=\"noopener noreferrer\">https:\/\/ec.europa.eu\/consumers\/odr\/<\/a>.<br \/>Unsere E-Mail-Adresse finden Sie oben im Impressum.<\/p>\n<h4>Verbraucher\u00adstreit\u00adbeilegung\/Universal\u00adschlichtungs\u00adstelle<\/h4>\n<p>Wir sind nicht bereit oder verpflichtet, an Streitbeilegungsverfahren vor einer Verbraucherschlichtungsstelle teilzunehmen.<\/p>\n<p>Quelle: <span style=\"color: #808080;\"><a style=\"color: #808080;\" href=\"https:\/\/www.e-recht24.de\">eRecht24<\/a><\/span><\/p>\n\t\t\t\t\t\t\t\t<\/div>\n\t\t\t\t<\/div>\n\t\t\t\t<div class=\"elementor-element elementor-element-86b0851 elementor-widget elementor-widget-heading\" data-id=\"86b0851\" data-element_type=\"widget\" data-widget_type=\"heading.default\">\n\t\t\t\t<div class=\"elementor-widget-container\">\n\t\t\t\t\t<h2 class=\"elementor-heading-title elementor-size-default\">Quellenangaben f\u00fcr die verwendeten Bilder,<br>grafiken und Filme<\/h2>\t\t\t\t<\/div>\n\t\t\t\t<\/div>\n\t\t\t\t<div class=\"elementor-element elementor-element-f4ffec3 elementor-widget elementor-widget-text-editor\" data-id=\"f4ffec3\" data-element_type=\"widget\" data-widget_type=\"text-editor.default\">\n\t\t\t\t<div class=\"elementor-widget-container\">\n\t\t\t\t\t\t\t\t\t<p class=\"p1\"><a href=\"http:\/\/www.tijigraphy.de\">Tijigraphy<\/a> | <a href=\"http:\/\/www.michelfilms.com\">Michel Films<\/a> | <a href=\"http:\/\/www.bludolciartwork.com\">Blu Dolci Artwork<\/a> | <a href=\"http:\/\/www.tanjakibogo.com\">Tanja Kibogo Photography<\/a><\/p>\n<p class=\"p1\">Logo &amp; Webdesign <a href=\"http:\/\/nicnillasink.de\">Nicnillas Ink<\/a><br \/><span style=\"color: var( --e-global-color-text ); font-family: var( --e-global-typography-text-font-family ), Sans-serif; font-size: var( --e-global-typography-text-font-size ); font-weight: var( --e-global-typography-text-font-weight ); text-align: var(--text-align);\">Text <\/span><a style=\"font-family: var( --e-global-typography-text-font-family ), Sans-serif; font-size: var( --e-global-typography-text-font-size ); font-weight: var( --e-global-typography-text-font-weight ); text-align: var(--text-align); background-color: #ffffff;\" href=\"https:\/\/www.violettasimon.com\/\">Violetta Simon<\/a><\/p>\n<p>DFischer Weddings <a href=\"https:\/\/www.dfischerweddings.de\/\">www.dfischerweddings.de\/<\/a><\/p>\n<p class=\"p1\">\u00a0<\/p>\n\t\t\t\t\t\t\t\t<\/div>\n\t\t\t\t<\/div>\n\t\t\t\t\t<\/div>\n\t\t\t\t<\/div>\n\t\t<div class=\"elementor-element elementor-element-55a8e4e e-flex e-con-boxed e-con e-parent\" data-id=\"55a8e4e\" data-element_type=\"container\">\n\t\t\t\t\t<div class=\"e-con-inner\">\n\t\t\t\t<div class=\"elementor-element elementor-element-2edbaba elementor-widget elementor-widget-spacer\" data-id=\"2edbaba\" data-element_type=\"widget\" data-widget_type=\"spacer.default\">\n\t\t\t\t<div class=\"elementor-widget-container\">\n\t\t\t\t\t\t\t<div class=\"elementor-spacer\">\n\t\t\t<div class=\"elementor-spacer-inner\"><\/div>\n\t\t<\/div>\n\t\t\t\t\t\t<\/div>\n\t\t\t\t<\/div>\n\t\t\t\t\t<\/div>\n\t\t\t\t<\/div>\n\t\t\t\t<\/div>\n\t\t","protected":false},"excerpt":{"rendered":"<p>Impressum Angaben gem\u00e4\u00df \u00a7 5 TMG Svenja SchamperaEPIC Weddings &amp; Events Eventplanung mit Schwerpunkt HochzeitenBuchenstra\u00dfe 374211 Leingarten Kontakt Telefon: +49(0)1525 38 42 611E-Mail: info@epic-we.de Umsatzsteuer-ID Umsatzsteuer-Identifikationsnummer gem\u00e4\u00df \u00a7 27 a Umsatzsteuergesetz:DE285111452 Berufsbezeichnung und berufsrechtliche Regelungen Berufsbezeichnung:Eventplaner Zust\u00e4ndige Kammer:Industrie- und Handelskammer Heilbronn-FrankenFerdinand-Braun-Stra\u00dfe 2074074 Heilbronn Verliehen in:Deutschland Redaktionell verantwortlich Svenja Schampera EU-Streitschlichtung Die Europ\u00e4ische Kommission stellt eine [&hellip;]<\/p>\n","protected":false},"author":1,"featured_media":0,"parent":0,"menu_order":0,"comment_status":"closed","ping_status":"closed","template":"","meta":{"_monsterinsights_skip_tracking":false,"_monsterinsights_sitenote_active":false,"_monsterinsights_sitenote_note":"","_monsterinsights_sitenote_category":0,"footnotes":""},"class_list":["post-3226","page","type-page","status-publish","hentry"],"_links":{"self":[{"href":"https:\/\/www.epicweddingsandevents.de\/en\/wp-json\/wp\/v2\/pages\/3226","targetHints":{"allow":["GET"]}}],"collection":[{"href":"https:\/\/www.epicweddingsandevents.de\/en\/wp-json\/wp\/v2\/pages"}],"about":[{"href":"https:\/\/www.epicweddingsandevents.de\/en\/wp-json\/wp\/v2\/types\/page"}],"author":[{"embeddable":true,"href":"https:\/\/www.epicweddingsandevents.de\/en\/wp-json\/wp\/v2\/users\/1"}],"replies":[{"embeddable":true,"href":"https:\/\/www.epicweddingsandevents.de\/en\/wp-json\/wp\/v2\/comments?post=3226"}],"version-history":[{"count":1,"href":"https:\/\/www.epicweddingsandevents.de\/en\/wp-json\/wp\/v2\/pages\/3226\/revisions"}],"predecessor-version":[{"id":3227,"href":"https:\/\/www.epicweddingsandevents.de\/en\/wp-json\/wp\/v2\/pages\/3226\/revisions\/3227"}],"wp:attachment":[{"href":"https:\/\/www.epicweddingsandevents.de\/en\/wp-json\/wp\/v2\/media?parent=3226"}],"curies":[{"name":"wp","href":"https:\/\/api.w.org\/{rel}","templated":true}]}}